{"id":78,"date":"2020-04-21T20:04:12","date_gmt":"2020-04-21T18:04:12","guid":{"rendered":"http:\/\/laveilleuse.fr\/?page_id=78"},"modified":"2024-07-25T14:42:32","modified_gmt":"2024-07-25T12:42:32","slug":"a-propos-de","status":"publish","type":"page","link":"https:\/\/laveilleuse.fr\/index.php\/a-propos-de\/","title":{"rendered":"A propos"},"content":{"rendered":"\n<h2 class=\"wp-block-heading\">Pourquoi &nbsp;\u00ab&nbsp;La Veilleuse&nbsp;\u00bb?<\/h2>\n\n\n\n<div class=\"wp-block-columns are-vertically-aligned-center is-layout-flex wp-container-core-columns-is-layout-9d6595d7 wp-block-columns-is-layout-flex\">\n<div class=\"wp-block-column is-vertically-aligned-center is-layout-flow wp-block-column-is-layout-flow\" style=\"flex-basis:100%\">\n<div class=\"wp-block-group\"><div class=\"wp-block-group__inner-container is-layout-constrained wp-block-group-is-layout-constrained\">\n<p class=\"has-text-align-left has-contrast-color has-text-color\" style=\"font-size:17px\"><br>La veilleuse est une petite <strong>source lumineuse<\/strong> qui \u00e9claire discr\u00e8tement un lieu sombre. Elle fournit une lumi\u00e8re douce qui rassure. Elle est \u00e0 peine perceptible et pourtant, si elle n&rsquo;\u00e9tait pas, tout serait diff\u00e9rent.<br>La veilleuse c\u2019est aussi celle qui veille, restant vigilante, attentive. <br>Enfin, en physique, la lumi\u00e8re est de l\u2019\u00e9nergie qui se d\u00e9place.<\/p>\n\n\n\n<p class=\"has-text-align-left has-contrast-color has-text-color\" style=\"font-size:17px\">Que ce blog soit une source d&rsquo;<strong><mark style=\"background-color:rgba(0, 0, 0, 0)\" class=\"has-inline-color has-black-color\">\u00e9nergie positive<\/mark><\/strong>, enrichissante qui circule et \u00e9claire.<\/p>\n<\/div><\/div>\n<\/div>\n<\/div>\n\n\n\n<figure class=\"wp-block-image size-large is-resized is-style-default\"><img loading=\"lazy\" decoding=\"async\" width=\"1024\" height=\"1024\" src=\"https:\/\/laveilleuse.fr\/wp-content\/uploads\/2024\/07\/lumiere_apropos-1024x1024.jpg\" alt=\"\" class=\"wp-image-460\" style=\"width:307px;height:auto\" srcset=\"https:\/\/laveilleuse.fr\/wp-content\/uploads\/2024\/07\/lumiere_apropos-1024x1024.jpg 1024w, https:\/\/laveilleuse.fr\/wp-content\/uploads\/2024\/07\/lumiere_apropos-300x300.jpg 300w, https:\/\/laveilleuse.fr\/wp-content\/uploads\/2024\/07\/lumiere_apropos-150x150.jpg 150w, https:\/\/laveilleuse.fr\/wp-content\/uploads\/2024\/07\/lumiere_apropos-768x768.jpg 768w, https:\/\/laveilleuse.fr\/wp-content\/uploads\/2024\/07\/lumiere_apropos-75x75.jpg 75w, https:\/\/laveilleuse.fr\/wp-content\/uploads\/2024\/07\/lumiere_apropos.jpg 1080w\" sizes=\"auto, (max-width: 1024px) 100vw, 1024px\" \/><\/figure>\n\n\n\n<p class=\"has-text-align-left has-contrast-color has-text-color\" style=\"font-size:17px\"><\/p>\n\n\n\n<p class=\"has-text-align-left has-contrast-color has-text-color\" style=\"font-size:17px\"><\/p>\n\n\n\n<p class=\"has-text-align-left has-contrast-color has-text-color\" style=\"font-size:17px\"><\/p>\n\n\n\n<p class=\"has-text-align-left has-contrast-color has-text-color\" style=\"font-size:17px\"><\/p>\n\n\n\n<p><\/p>\n","protected":false},"excerpt":{"rendered":"<p>Pourquoi &nbsp;\u00ab&nbsp;La Veilleuse&nbsp;\u00bb? La veilleuse est une petite source lumineuse qui \u00e9claire discr\u00e8tement un lieu sombre. Elle fournit une lumi\u00e8re douce qui rassure. Elle est \u00e0 peine perceptible et pourtant, si elle n&rsquo;\u00e9tait pas, tout serait diff\u00e9rent.La veilleuse c\u2019est aussi celle qui veille, restant vigilante, attentive. Enfin, en physique, la lumi\u00e8re est de l\u2019\u00e9nergie qui se d\u00e9place. Que ce blog soit une source d&rsquo;\u00e9nergie positive, enrichissante qui circule et \u00e9claire.<\/p>\n","protected":false},"author":2,"featured_media":0,"parent":0,"menu_order":0,"comment_status":"closed","ping_status":"closed","template":"","meta":{"footnotes":""},"class_list":["post-78","page","type-page","status-publish","hentry"],"_links":{"self":[{"href":"https:\/\/laveilleuse.fr\/index.php\/wp-json\/wp\/v2\/pages\/78","targetHints":{"allow":["GET"]}}],"collection":[{"href":"https:\/\/laveilleuse.fr\/index.php\/wp-json\/wp\/v2\/pages"}],"about":[{"href":"https:\/\/laveilleuse.fr\/index.php\/wp-json\/wp\/v2\/types\/page"}],"author":[{"embeddable":true,"href":"https:\/\/laveilleuse.fr\/index.php\/wp-json\/wp\/v2\/users\/2"}],"replies":[{"embeddable":true,"href":"https:\/\/laveilleuse.fr\/index.php\/wp-json\/wp\/v2\/comments?post=78"}],"version-history":[{"count":16,"href":"https:\/\/laveilleuse.fr\/index.php\/wp-json\/wp\/v2\/pages\/78\/revisions"}],"predecessor-version":[{"id":462,"href":"https:\/\/laveilleuse.fr\/index.php\/wp-json\/wp\/v2\/pages\/78\/revisions\/462"}],"wp:attachment":[{"href":"https:\/\/laveilleuse.fr\/index.php\/wp-json\/wp\/v2\/media?parent=78"}],"curies":[{"name":"wp","href":"https:\/\/api.w.org\/{rel}","templated":true}]}}